{"id":49,"date":"2020-11-06T01:06:49","date_gmt":"2020-11-06T01:06:49","guid":{"rendered":"https:\/\/www.alexandravillarroel.com\/fre\/blog\/?page_id=49"},"modified":"2020-11-06T01:10:50","modified_gmt":"2020-11-06T01:10:50","slug":"latest-posts","status":"publish","type":"page","link":"https:\/\/www.alexandravillarroel.com\/fre\/blog\/latest-posts\/","title":{"rendered":"Latest Posts"},"content":{"rendered":"\n<p id=\"block-7760b111-fe93-42a1-a86c-00f8265dcabf\"><strong>\t\t<div class=\"wppsac-slick-carousel-wrp wppsac-clearfix \">\r\n\t\t\t<div id=\"wppsac-post-carousel-1\" class=\"wppsac-post-carousel design-1\">\r\n\t\t\t\t\r\n<div class=\"wppsac-carousel-slides\">\r\n\t\t\t<div class=\"wppsac-post-image-bg\">\r\n\t\t\t<a href=\"https:\/\/www.alexandravillarroel.com\/fre\/blog\/developpement-personnel-et-croissance\/mon-histoire-pourquoi-je-suis-partie-de-chez-mes-parents-a-18-ans\/\">\r\n\t\t\t\t<img class=\"wppsac-post-image-bg\"  src=\"https:\/\/www.alexandravillarroel.com\/fre\/blog\/wp-content\/uploads\/2020\/11\/Miniatura-Frances-Episode-1.jpg\" alt=\"MON HISTOIRE &#8211; Pourquoi je suis partie de chez mes parents \u00e0 18 ans\" \/>\r\n\t\t\t<\/a>\r\n\t\t<\/div>\r\n\t\t<div class=\"wppsac-post-content-position\">\r\n\t\t\t\t\t<div class=\"wppsac-post-categories\"><ul class=\"wppsac-post-categories-list\"><li><a href=\"https:\/\/www.alexandravillarroel.com\/fre\/blog\/category\/developpement-personnel-et-croissance\/\" rel=\"category\"> D\u00c9VELOPPEMENT PERSONNEL ET CROISSANCE <\/a><\/li><\/ul><\/div>\r\n\t\t\t  \t<h2 class=\"wppsac-post-title\">\r\n\t\t\t<a href=\"https:\/\/www.alexandravillarroel.com\/fre\/blog\/developpement-personnel-et-croissance\/mon-histoire-pourquoi-je-suis-partie-de-chez-mes-parents-a-18-ans\/\">MON HISTOIRE &#8211; Pourquoi je suis partie de chez mes parents \u00e0 18 ans<\/a>\r\n\t\t<\/h2>\r\n\t\t\t\t\t<div class=\"wppsac-post-date\">\r\n\t\t\t\t\t\t\t\t\t<span>By admin<\/span>\r\n\t\t\t\t&nbsp;\/&nbsp;novembre 13, 2020\t\t\t<\/div>\r\n\t\t\t\t\t\t\t<div class=\"wppsac-post-content\">\r\n\t\t\t\t\t\t\t\t\t<div class=\"wppsac-sub-content\">La Roue de l\u2019Ann\u00e9e A.V.A. a tourn\u00e9 pour la toute premi\u00e8re fois, ce qui signifie que nous sommes entr\u00e9s dans...<\/div>\r\n\t\t\t\t\r\n\t\t\t\t\t\t\t\t\t<a class=\"wppsac-readmorebtn\" href=\"https:\/\/www.alexandravillarroel.com\/fre\/blog\/developpement-personnel-et-croissance\/mon-histoire-pourquoi-je-suis-partie-de-chez-mes-parents-a-18-ans\/\">Read More<\/a>\r\n\t\t\t\t\t\t\t<\/div>\r\n\t\t\t<\/div>\r\n<\/div>\r\n<div class=\"wppsac-carousel-slides\">\r\n\t\t\t<div class=\"wppsac-post-image-bg\">\r\n\t\t\t<a href=\"https:\/\/www.alexandravillarroel.com\/fre\/blog\/carriere-et-profession\/comment-creer-le-mode-de-vie-de-tes-reves\/\">\r\n\t\t\t\t<img class=\"wppsac-post-image-bg\"  src=\"https:\/\/www.alexandravillarroel.com\/fre\/blog\/wp-content\/uploads\/2020\/11\/2-HOW-TO-CREATE-YOUR-IDEAL-LIFESTYLE.png\" alt=\"Comment Cr\u00e9er Le Mode De Vie De Tes R\u00eaves\" \/>\r\n\t\t\t<\/a>\r\n\t\t<\/div>\r\n\t\t<div class=\"wppsac-post-content-position\">\r\n\t\t\t\t\t<div class=\"wppsac-post-categories\"><ul class=\"wppsac-post-categories-list\"><li><a href=\"https:\/\/www.alexandravillarroel.com\/fre\/blog\/category\/carriere-et-profession\/\" rel=\"category\"> CARRI\u00c8RE ET PROFESSION <\/a><\/li><\/ul><\/div>\r\n\t\t\t  \t<h2 class=\"wppsac-post-title\">\r\n\t\t\t<a href=\"https:\/\/www.alexandravillarroel.com\/fre\/blog\/carriere-et-profession\/comment-creer-le-mode-de-vie-de-tes-reves\/\">Comment Cr\u00e9er Le Mode De Vie De Tes R\u00eaves<\/a>\r\n\t\t<\/h2>\r\n\t\t\t\t\t<div class=\"wppsac-post-date\">\r\n\t\t\t\t\t\t\t\t\t<span>By admin<\/span>\r\n\t\t\t\t&nbsp;\/&nbsp;novembre 6, 2020\t\t\t<\/div>\r\n\t\t\t\t\t\t\t<div class=\"wppsac-post-content\">\r\n\t\t\t\t\t\t\t\t\t<div class=\"wppsac-sub-content\">Quand j'\u00e9tais petite, on m'a souvent demand\u00e9 ce que je voulais faire quand je serais adulte. Je r\u00e9pondais \u00e0 cette...<\/div>\r\n\t\t\t\t\r\n\t\t\t\t\t\t\t\t\t<a class=\"wppsac-readmorebtn\" href=\"https:\/\/www.alexandravillarroel.com\/fre\/blog\/carriere-et-profession\/comment-creer-le-mode-de-vie-de-tes-reves\/\">Read More<\/a>\r\n\t\t\t\t\t\t\t<\/div>\r\n\t\t\t<\/div>\r\n<\/div>\r\n<div class=\"wppsac-carousel-slides\">\r\n\t\t\t<div class=\"wppsac-post-image-bg\">\r\n\t\t\t<a href=\"https:\/\/www.alexandravillarroel.com\/fre\/blog\/sante-emotionnelle\/comment-avoir-confiance-en-soi\/\">\r\n\t\t\t\t<img class=\"wppsac-post-image-bg\"  src=\"https:\/\/www.alexandravillarroel.com\/fre\/blog\/wp-content\/uploads\/2020\/11\/8-HOW-TO-BE-MORE-CONFIDENT.png\" alt=\"Comment Avoir Confiance En Soi\" \/>\r\n\t\t\t<\/a>\r\n\t\t<\/div>\r\n\t\t<div class=\"wppsac-post-content-position\">\r\n\t\t\t\t\t<div class=\"wppsac-post-categories\"><ul class=\"wppsac-post-categories-list\"><li><a href=\"https:\/\/www.alexandravillarroel.com\/fre\/blog\/category\/sante-emotionnelle\/\" rel=\"category\"> SANT\u00c9 \u00c9MOTIONNELLE <\/a><\/li><\/ul><\/div>\r\n\t\t\t  \t<h2 class=\"wppsac-post-title\">\r\n\t\t\t<a href=\"https:\/\/www.alexandravillarroel.com\/fre\/blog\/sante-emotionnelle\/comment-avoir-confiance-en-soi\/\">Comment Avoir Confiance En Soi<\/a>\r\n\t\t<\/h2>\r\n\t\t\t\t\t<div class=\"wppsac-post-date\">\r\n\t\t\t\t\t\t\t\t\t<span>By admin<\/span>\r\n\t\t\t\t&nbsp;\/&nbsp;novembre 6, 2020\t\t\t<\/div>\r\n\t\t\t\t\t\t\t<div class=\"wppsac-post-content\">\r\n\t\t\t\t\t\t\t\t\t<div class=\"wppsac-sub-content\">La confiance en soi est primordiale pour atteindre le succ\u00e8s. \u00c0 notre naissance, nous avons confiance en nous. Quand un...<\/div>\r\n\t\t\t\t\r\n\t\t\t\t\t\t\t\t\t<a class=\"wppsac-readmorebtn\" href=\"https:\/\/www.alexandravillarroel.com\/fre\/blog\/sante-emotionnelle\/comment-avoir-confiance-en-soi\/\">Read More<\/a>\r\n\t\t\t\t\t\t\t<\/div>\r\n\t\t\t<\/div>\r\n<\/div>\r\n<div class=\"wppsac-carousel-slides\">\r\n\t\t\t<div class=\"wppsac-post-image-bg\">\r\n\t\t\t<a href=\"https:\/\/www.alexandravillarroel.com\/fre\/blog\/divertissement\/les-rituels-matinaux-des-gens-qui-reussissent\/\">\r\n\t\t\t\t<img class=\"wppsac-post-image-bg\"  src=\"https:\/\/www.alexandravillarroel.com\/fre\/blog\/wp-content\/uploads\/2020\/11\/16-The-morning-rituals-of-extremely-successful-people.png\" alt=\"Les Rituels Matinaux Des Gens Qui R\u00e9ussissent\" \/>\r\n\t\t\t<\/a>\r\n\t\t<\/div>\r\n\t\t<div class=\"wppsac-post-content-position\">\r\n\t\t\t\t\t<div class=\"wppsac-post-categories\"><ul class=\"wppsac-post-categories-list\"><li><a href=\"https:\/\/www.alexandravillarroel.com\/fre\/blog\/category\/divertissement\/\" rel=\"category\"> DIVERTISSEMENT <\/a><\/li><\/ul><\/div>\r\n\t\t\t  \t<h2 class=\"wppsac-post-title\">\r\n\t\t\t<a href=\"https:\/\/www.alexandravillarroel.com\/fre\/blog\/divertissement\/les-rituels-matinaux-des-gens-qui-reussissent\/\">Les Rituels Matinaux Des Gens Qui R\u00e9ussissent<\/a>\r\n\t\t<\/h2>\r\n\t\t\t\t\t<div class=\"wppsac-post-date\">\r\n\t\t\t\t\t\t\t\t\t<span>By admin<\/span>\r\n\t\t\t\t&nbsp;\/&nbsp;novembre 6, 2020\t\t\t<\/div>\r\n\t\t\t\t\t\t\t<div class=\"wppsac-post-content\">\r\n\t\t\t\t\t\t\t\t\t<div class=\"wppsac-sub-content\">Le matin est un moment sacr\u00e9 de la journ\u00e9e. C'est le moment pour te pr\u00e9parer mentalement, spirituellement et physiquement \u00e0...<\/div>\r\n\t\t\t\t\r\n\t\t\t\t\t\t\t\t\t<a class=\"wppsac-readmorebtn\" href=\"https:\/\/www.alexandravillarroel.com\/fre\/blog\/divertissement\/les-rituels-matinaux-des-gens-qui-reussissent\/\">Read More<\/a>\r\n\t\t\t\t\t\t\t<\/div>\r\n\t\t\t<\/div>\r\n<\/div>\r\n<div class=\"wppsac-carousel-slides\">\r\n\t\t\t<div class=\"wppsac-post-image-bg\">\r\n\t\t\t<a href=\"https:\/\/www.alexandravillarroel.com\/fre\/blog\/finances\/comment-devenir-riche\/\">\r\n\t\t\t\t<img class=\"wppsac-post-image-bg\"  src=\"https:\/\/www.alexandravillarroel.com\/fre\/blog\/wp-content\/uploads\/2020\/11\/12-How-to-become-rich.png\" alt=\"Comment Devenir Riche\" \/>\r\n\t\t\t<\/a>\r\n\t\t<\/div>\r\n\t\t<div class=\"wppsac-post-content-position\">\r\n\t\t\t\t\t<div class=\"wppsac-post-categories\"><ul class=\"wppsac-post-categories-list\"><li><a href=\"https:\/\/www.alexandravillarroel.com\/fre\/blog\/category\/finances\/\" rel=\"category\"> FINANCES <\/a><\/li><\/ul><\/div>\r\n\t\t\t  \t<h2 class=\"wppsac-post-title\">\r\n\t\t\t<a href=\"https:\/\/www.alexandravillarroel.com\/fre\/blog\/finances\/comment-devenir-riche\/\">Comment Devenir Riche<\/a>\r\n\t\t<\/h2>\r\n\t\t\t\t\t<div class=\"wppsac-post-date\">\r\n\t\t\t\t\t\t\t\t\t<span>By admin<\/span>\r\n\t\t\t\t&nbsp;\/&nbsp;novembre 6, 2020\t\t\t<\/div>\r\n\t\t\t\t\t\t\t<div class=\"wppsac-post-content\">\r\n\t\t\t\t\t\t\t\t\t<div class=\"wppsac-sub-content\">\u00catre riche est un \u00e9tat d'esprit. En fait, tout part du mental. Tout ce que tu souhaites manifester dans ta...<\/div>\r\n\t\t\t\t\r\n\t\t\t\t\t\t\t\t\t<a class=\"wppsac-readmorebtn\" href=\"https:\/\/www.alexandravillarroel.com\/fre\/blog\/finances\/comment-devenir-riche\/\">Read More<\/a>\r\n\t\t\t\t\t\t\t<\/div>\r\n\t\t\t<\/div>\r\n<\/div>\r\n<div class=\"wppsac-carousel-slides\">\r\n\t\t\t<div class=\"wppsac-post-image-bg\">\r\n\t\t\t<a href=\"https:\/\/www.alexandravillarroel.com\/fre\/blog\/amour-et-relations\/comment-ne-plus-jamais-avoir-un-coeur-brise\/\">\r\n\t\t\t\t<img class=\"wppsac-post-image-bg\"  src=\"https:\/\/www.alexandravillarroel.com\/fre\/blog\/wp-content\/uploads\/2020\/11\/11-How-to-never-get-your-heart-broken-again.png\" alt=\"Comment Ne Plus Jamais Avoir Un C\u0153ur Bris\u00e9\" \/>\r\n\t\t\t<\/a>\r\n\t\t<\/div>\r\n\t\t<div class=\"wppsac-post-content-position\">\r\n\t\t\t\t\t<div class=\"wppsac-post-categories\"><ul class=\"wppsac-post-categories-list\"><li><a href=\"https:\/\/www.alexandravillarroel.com\/fre\/blog\/category\/amour-et-relations\/\" rel=\"category\"> AMOUR ET RELATIONS <\/a><\/li><\/ul><\/div>\r\n\t\t\t  \t<h2 class=\"wppsac-post-title\">\r\n\t\t\t<a href=\"https:\/\/www.alexandravillarroel.com\/fre\/blog\/amour-et-relations\/comment-ne-plus-jamais-avoir-un-coeur-brise\/\">Comment Ne Plus Jamais Avoir Un C\u0153ur Bris\u00e9<\/a>\r\n\t\t<\/h2>\r\n\t\t\t\t\t<div class=\"wppsac-post-date\">\r\n\t\t\t\t\t\t\t\t\t<span>By admin<\/span>\r\n\t\t\t\t&nbsp;\/&nbsp;novembre 6, 2020\t\t\t<\/div>\r\n\t\t\t\t\t\t\t<div class=\"wppsac-post-content\">\r\n\t\t\t\t\t\t\t\t\t<div class=\"wppsac-sub-content\">Savais-tu que lorsque quelqu'un brise ton c\u0153ur, ton corps r\u00e9agit de la m\u00eame fa\u00e7on que si tu avais v\u00e9cu un...<\/div>\r\n\t\t\t\t\r\n\t\t\t\t\t\t\t\t\t<a class=\"wppsac-readmorebtn\" href=\"https:\/\/www.alexandravillarroel.com\/fre\/blog\/amour-et-relations\/comment-ne-plus-jamais-avoir-un-coeur-brise\/\">Read More<\/a>\r\n\t\t\t\t\t\t\t<\/div>\r\n\t\t\t<\/div>\r\n<\/div>\r\n<div class=\"wppsac-carousel-slides\">\r\n\t\t\t<div class=\"wppsac-post-image-bg\">\r\n\t\t\t<a href=\"https:\/\/www.alexandravillarroel.com\/fre\/blog\/developpement-personnel-et-croissance\/les-habitudes-de-grands-leaders\/\">\r\n\t\t\t\t<img class=\"wppsac-post-image-bg\"  src=\"https:\/\/www.alexandravillarroel.com\/fre\/blog\/wp-content\/uploads\/2020\/11\/3-WHAT-GREAT-LEADERS-DO-EVERY-DAY.png\" alt=\"Les Habitudes de Grands Leaders\" \/>\r\n\t\t\t<\/a>\r\n\t\t<\/div>\r\n\t\t<div class=\"wppsac-post-content-position\">\r\n\t\t\t\t\t<div class=\"wppsac-post-categories\"><ul class=\"wppsac-post-categories-list\"><li><a href=\"https:\/\/www.alexandravillarroel.com\/fre\/blog\/category\/developpement-personnel-et-croissance\/\" rel=\"category\"> D\u00c9VELOPPEMENT PERSONNEL ET CROISSANCE <\/a><\/li><\/ul><\/div>\r\n\t\t\t  \t<h2 class=\"wppsac-post-title\">\r\n\t\t\t<a href=\"https:\/\/www.alexandravillarroel.com\/fre\/blog\/developpement-personnel-et-croissance\/les-habitudes-de-grands-leaders\/\">Les Habitudes de Grands Leaders<\/a>\r\n\t\t<\/h2>\r\n\t\t\t\t\t<div class=\"wppsac-post-date\">\r\n\t\t\t\t\t\t\t\t\t<span>By admin<\/span>\r\n\t\t\t\t&nbsp;\/&nbsp;novembre 6, 2020\t\t\t<\/div>\r\n\t\t\t\t\t\t\t<div class=\"wppsac-post-content\">\r\n\t\t\t\t\t\t\t\t\t<div class=\"wppsac-sub-content\">Je parle souvent de l'importance d'avoir des habitudes positives bien ancr\u00e9es. Dans l'\u00e9pisode de cette semaine, je partage avec toi...<\/div>\r\n\t\t\t\t\r\n\t\t\t\t\t\t\t\t\t<a class=\"wppsac-readmorebtn\" href=\"https:\/\/www.alexandravillarroel.com\/fre\/blog\/developpement-personnel-et-croissance\/les-habitudes-de-grands-leaders\/\">Read More<\/a>\r\n\t\t\t\t\t\t\t<\/div>\r\n\t\t\t<\/div>\r\n<\/div>\r\n<div class=\"wppsac-carousel-slides\">\r\n\t\t\t<div class=\"wppsac-post-image-bg\">\r\n\t\t\t<a href=\"https:\/\/www.alexandravillarroel.com\/fre\/blog\/sante-physique\/comment-avoir-une-sexualite-exceptionnelle\/\">\r\n\t\t\t\t<img class=\"wppsac-post-image-bg\"  src=\"https:\/\/www.alexandravillarroel.com\/fre\/blog\/wp-content\/uploads\/2020\/11\/4-HOW-TO-HAVE-MIND-BLOWING-SEX.png\" alt=\"Comment Avoir Une Sexualit\u00e9 Exceptionnelle\" \/>\r\n\t\t\t<\/a>\r\n\t\t<\/div>\r\n\t\t<div class=\"wppsac-post-content-position\">\r\n\t\t\t\t\t<div class=\"wppsac-post-categories\"><ul class=\"wppsac-post-categories-list\"><li><a href=\"https:\/\/www.alexandravillarroel.com\/fre\/blog\/category\/sante-physique\/\" rel=\"category\"> SANT\u00c9 PHYSIQUE <\/a><\/li><\/ul><\/div>\r\n\t\t\t  \t<h2 class=\"wppsac-post-title\">\r\n\t\t\t<a href=\"https:\/\/www.alexandravillarroel.com\/fre\/blog\/sante-physique\/comment-avoir-une-sexualite-exceptionnelle\/\">Comment Avoir Une Sexualit\u00e9 Exceptionnelle<\/a>\r\n\t\t<\/h2>\r\n\t\t\t\t\t<div class=\"wppsac-post-date\">\r\n\t\t\t\t\t\t\t\t\t<span>By admin<\/span>\r\n\t\t\t\t&nbsp;\/&nbsp;novembre 6, 2020\t\t\t<\/div>\r\n\t\t\t\t\t\t\t<div class=\"wppsac-post-content\">\r\n\t\t\t\t\t\t\t\t\t<div class=\"wppsac-sub-content\">Nous sommes tous n\u00e9s de la rencontre sexuelle entre notre p\u00e8re et notre m\u00e8re. C'est tout \u00e0 fait naturel, mais...<\/div>\r\n\t\t\t\t\r\n\t\t\t\t\t\t\t\t\t<a class=\"wppsac-readmorebtn\" href=\"https:\/\/www.alexandravillarroel.com\/fre\/blog\/sante-physique\/comment-avoir-une-sexualite-exceptionnelle\/\">Read More<\/a>\r\n\t\t\t\t\t\t\t<\/div>\r\n\t\t\t<\/div>\r\n<\/div>\r\n<div class=\"wppsac-carousel-slides\">\r\n\t\t\t<div class=\"wppsac-post-image-bg\">\r\n\t\t\t<a href=\"https:\/\/www.alexandravillarroel.com\/fre\/blog\/vie-sociale\/comment-se-faire-des-amis\/\">\r\n\t\t\t\t<img class=\"wppsac-post-image-bg\"  src=\"https:\/\/www.alexandravillarroel.com\/fre\/blog\/wp-content\/uploads\/2020\/11\/1-How-to-make-new-friends.jpg\" alt=\"Comment Se Faire Des Amis\" \/>\r\n\t\t\t<\/a>\r\n\t\t<\/div>\r\n\t\t<div class=\"wppsac-post-content-position\">\r\n\t\t\t\t\t<div class=\"wppsac-post-categories\"><ul class=\"wppsac-post-categories-list\"><li><a href=\"https:\/\/www.alexandravillarroel.com\/fre\/blog\/category\/vie-sociale\/\" rel=\"category\"> VIE SOCIALE <\/a><\/li><\/ul><\/div>\r\n\t\t\t  \t<h2 class=\"wppsac-post-title\">\r\n\t\t\t<a href=\"https:\/\/www.alexandravillarroel.com\/fre\/blog\/vie-sociale\/comment-se-faire-des-amis\/\">Comment Se Faire Des Amis<\/a>\r\n\t\t<\/h2>\r\n\t\t\t\t\t<div class=\"wppsac-post-date\">\r\n\t\t\t\t\t\t\t\t\t<span>By admin<\/span>\r\n\t\t\t\t&nbsp;\/&nbsp;novembre 6, 2020\t\t\t<\/div>\r\n\t\t\t\t\t\t\t<div class=\"wppsac-post-content\">\r\n\t\t\t\t\t\t\t\t\t<div class=\"wppsac-sub-content\">Se faire des amis est plus facile en tant qu'enfant qu'\u00e0 l'\u00e2ge adulte. Les occasions de se faire des amis...<\/div>\r\n\t\t\t\t\r\n\t\t\t\t\t\t\t\t\t<a class=\"wppsac-readmorebtn\" href=\"https:\/\/www.alexandravillarroel.com\/fre\/blog\/vie-sociale\/comment-se-faire-des-amis\/\">Read More<\/a>\r\n\t\t\t\t\t\t\t<\/div>\r\n\t\t\t<\/div>\r\n<\/div>\r\n<div class=\"wppsac-carousel-slides\">\r\n\t\t\t<div class=\"wppsac-post-image-bg\">\r\n\t\t\t<a href=\"https:\/\/www.alexandravillarroel.com\/fre\/blog\/spiritualite\/cle-manquante-a-la-loi-de-lattraction\/\">\r\n\t\t\t\t<img class=\"wppsac-post-image-bg\"  src=\"https:\/\/www.alexandravillarroel.com\/fre\/blog\/wp-content\/uploads\/2020\/11\/17-The-missing-key-to-the-law-of-attraction.png\" alt=\"Cl\u00e9 Manquante \u00e0 La Loi de L&rsquo;Attraction\" \/>\r\n\t\t\t<\/a>\r\n\t\t<\/div>\r\n\t\t<div class=\"wppsac-post-content-position\">\r\n\t\t\t\t\t<div class=\"wppsac-post-categories\"><ul class=\"wppsac-post-categories-list\"><li><a href=\"https:\/\/www.alexandravillarroel.com\/fre\/blog\/category\/spiritualite\/\" rel=\"category\"> SPIRITUALIT\u00c9 <\/a><\/li><\/ul><\/div>\r\n\t\t\t  \t<h2 class=\"wppsac-post-title\">\r\n\t\t\t<a href=\"https:\/\/www.alexandravillarroel.com\/fre\/blog\/spiritualite\/cle-manquante-a-la-loi-de-lattraction\/\">Cl\u00e9 Manquante \u00e0 La Loi de L&rsquo;Attraction<\/a>\r\n\t\t<\/h2>\r\n\t\t\t\t\t<div class=\"wppsac-post-date\">\r\n\t\t\t\t\t\t\t\t\t<span>By admin<\/span>\r\n\t\t\t\t&nbsp;\/&nbsp;novembre 6, 2020\t\t\t<\/div>\r\n\t\t\t\t\t\t\t<div class=\"wppsac-post-content\">\r\n\t\t\t\t\t\t\t\t\t<div class=\"wppsac-sub-content\">Cette philosophie a connu un v\u00e9ritable boom en 2006, lorsque le c\u00e9l\u00e8bre livre \u00abThe Secret\u00bb a \u00e9t\u00e9 publi\u00e9. Avec plus...<\/div>\r\n\t\t\t\t\r\n\t\t\t\t\t\t\t\t\t<a class=\"wppsac-readmorebtn\" href=\"https:\/\/www.alexandravillarroel.com\/fre\/blog\/spiritualite\/cle-manquante-a-la-loi-de-lattraction\/\">Read More<\/a>\r\n\t\t\t\t\t\t\t<\/div>\r\n\t\t\t<\/div>\r\n<\/div>\t\t\t<\/div>\r\n\t\t\t<div class=\"wppsac-carousel-conf wppsac-hide\" data-conf=\"{&quot;slides_to_show&quot;:&quot;3&quot;,&quot;slides_to_scroll&quot;:&quot;1&quot;,&quot;dots&quot;:&quot;true&quot;,&quot;arrows&quot;:&quot;true&quot;,&quot;autoplay&quot;:&quot;true&quot;,&quot;autoplay_interval&quot;:&quot;3000&quot;,&quot;speed&quot;:&quot;500&quot;,&quot;rtl&quot;:&quot;false&quot;,&quot;lazyload&quot;:&quot;&quot;}\"><\/div>\r\n\t\t<\/div>\r\n\t<\/strong><\/p>\n","protected":false},"excerpt":{"rendered":"","protected":false},"author":1,"featured_media":0,"parent":0,"menu_order":0,"comment_status":"closed","ping_status":"closed","template":"elementor_header_footer","meta":[],"_links":{"self":[{"href":"https:\/\/www.alexandravillarroel.com\/fre\/blog\/wp-json\/wp\/v2\/pages\/49"}],"collection":[{"href":"https:\/\/www.alexandravillarroel.com\/fre\/blog\/wp-json\/wp\/v2\/pages"}],"about":[{"href":"https:\/\/www.alexandravillarroel.com\/fre\/blog\/wp-json\/wp\/v2\/types\/page"}],"author":[{"embeddable":true,"href":"https:\/\/www.alexandravillarroel.com\/fre\/blog\/wp-json\/wp\/v2\/users\/1"}],"replies":[{"embeddable":true,"href":"https:\/\/www.alexandravillarroel.com\/fre\/blog\/wp-json\/wp\/v2\/comments?post=49"}],"version-history":[{"count":1,"href":"https:\/\/www.alexandravillarroel.com\/fre\/blog\/wp-json\/wp\/v2\/pages\/49\/revisions"}],"predecessor-version":[{"id":50,"href":"https:\/\/www.alexandravillarroel.com\/fre\/blog\/wp-json\/wp\/v2\/pages\/49\/revisions\/50"}],"wp:attachment":[{"href":"https:\/\/www.alexandravillarroel.com\/fre\/blog\/wp-json\/wp\/v2\/media?parent=49"}],"curies":[{"name":"wp","href":"https:\/\/api.w.org\/{rel}","templated":true}]}}